{"id":938,"date":"2017-04-23T14:02:50","date_gmt":"2017-04-23T14:02:50","guid":{"rendered":"http:\/\/mcs.hu\/?page_id=938\/"},"modified":"2022-04-08T13:41:47","modified_gmt":"2022-04-08T12:41:47","slug":"sales-contacts","status":"publish","type":"page","link":"https:\/\/mcs.hu\/en\/sales-contacts\/","title":{"rendered":"Sales contacts"},"content":{"rendered":"<p><strong><em>Ruud ter Veen<\/em><\/strong><br \/>\n<a href=\"mailto:ruud@bonafarm.hu\">ruud@bonafarm.hu<\/a><\/p>\n<p><b><i>De\u00e1k, K\u00e1roly<\/i><\/b><br \/>\n<a href=\"mailto:karoly.deak@bonafarm.hu\">karoly.deak@bonafarm.hu<\/a> &#8211; Retail director<\/p>\n<p><strong><em>Erd\u0151s, Zsolt<\/em><\/strong><br \/>\n<a href=\"mailto:zsoltistvan.erdos@bonafarm.hu\">zsoltistvan.erdos@bonafarm.hu<\/a> &#8211; Fresh meat sales manager<\/p>\n<p><strong><em>Szentkir\u00e1lyi, Zolt\u00e1n<\/em><\/strong><br \/>\n<a href=\"mailto:zoltan.szentkiralyi@bonafarm.hu\">zoltan.szentkiralyi@bonafarm.hu<\/a> &#8211; Key Account Manager<\/p>\n<p><strong><em>Kov\u00e1cs, M\u00e1rton<\/em><\/strong><br \/>\n<a href=\"mailto:martonjozsef.kovacs@bonafarm.hu\">martonjozsef.kovacs@bonafarm.hu<\/a> \u2013 Key Account Manager<\/p>\n<p><strong><em>Polics, M\u00e1ri\u00e1n<\/em><\/strong><br \/>\n<a href=\"mailto:marian.polics@bonafarm.hu\">marian.polics@bonafarm.hu<\/a> &#8211; Export manager<\/p>\n<p><strong><em>Nagy, El\u0151d<\/em><\/strong><br \/>\n<a href=\"mailto:elodkalman.nagy@bonafarm.hu\">elodkalman.nagy@bonafarm.hu<\/a> \u2013 Export manage<\/p>\n<p><strong><em>Pusk\u00e1s, R\u00f3bert<\/em><\/strong><br \/>\n<a href=\"mailto:Robert.Puskas@bonafarm.hu\">robert.puskas@bonafarm.hu<\/a>\u2013 Export manager<\/p>\n","protected":false},"excerpt":{"rendered":"<p>Ruud ter Veen ruud@bonafarm.hu De\u00e1k, K\u00e1roly karoly.deak@bonafarm.hu &#8211; Retail director Erd\u0151s, Zsolt zsoltistvan.erdos@bonafarm.hu &#8211; Fresh meat sales manager Szentkir\u00e1lyi, Zolt\u00e1n zoltan.szentkiralyi@bonafarm.hu &#8211; Key Account Manager Kov\u00e1cs, M\u00e1rton martonjozsef.kovacs@bonafarm.hu \u2013 Key Account Manager Polics, M\u00e1ri\u00e1n marian.polics@bonafarm.hu &#8211; Export manager Nagy, El\u0151d elodkalman.nagy@bonafarm.hu \u2013 Export manage Pusk\u00e1s, R\u00f3bert robert.puskas@bonafarm.hu\u2013 Export manager<\/p>\n","protected":false},"author":12,"featured_media":585,"parent":0,"menu_order":22,"comment_status":"closed","ping_status":"closed","template":"","meta":{"_acf_changed":false,"footnotes":""},"categories":[],"class_list":["post-938","page","type-page","status-publish","has-post-thumbnail","hentry"],"acf":[],"_links":{"self":[{"href":"https:\/\/mcs.hu\/en\/wp-json\/wp\/v2\/pages\/938","targetHints":{"allow":["GET"]}}],"collection":[{"href":"https:\/\/mcs.hu\/en\/wp-json\/wp\/v2\/pages"}],"about":[{"href":"https:\/\/mcs.hu\/en\/wp-json\/wp\/v2\/types\/page"}],"author":[{"embeddable":true,"href":"https:\/\/mcs.hu\/en\/wp-json\/wp\/v2\/users\/12"}],"replies":[{"embeddable":true,"href":"https:\/\/mcs.hu\/en\/wp-json\/wp\/v2\/comments?post=938"}],"version-history":[{"count":19,"href":"https:\/\/mcs.hu\/en\/wp-json\/wp\/v2\/pages\/938\/revisions"}],"predecessor-version":[{"id":5123,"href":"https:\/\/mcs.hu\/en\/wp-json\/wp\/v2\/pages\/938\/revisions\/5123"}],"wp:featuredmedia":[{"embeddable":true,"href":"https:\/\/mcs.hu\/en\/wp-json\/wp\/v2\/media\/585"}],"wp:attachment":[{"href":"https:\/\/mcs.hu\/en\/wp-json\/wp\/v2\/media?parent=938"}],"wp:term":[{"taxonomy":"category","embeddable":true,"href":"https:\/\/mcs.hu\/en\/wp-json\/wp\/v2\/categories?post=938"}],"curies":[{"name":"wp","href":"https:\/\/api.w.org\/{rel}","templated":true}]}}